{"id":2162,"date":"2023-07-06T13:35:02","date_gmt":"2023-07-06T11:35:02","guid":{"rendered":"https:\/\/www.patou-bateau.fr\/les-bivouacs\/"},"modified":"2024-12-23T09:24:34","modified_gmt":"2024-12-23T08:24:34","slug":"bivouacs","status":"publish","type":"page","link":"https:\/\/www.patou-bateau.fr\/de\/bivouacs\/","title":{"rendered":"Bivouacs"},"content":{"rendered":"<div class=\"fusion-fullwidth fullwidth-box fusion-builder-row-1 fusion-flex-container has-pattern-background has-mask-background nonhundred-percent-fullwidth non-hundred-percent-height-scrolling\" style=\"--awb-border-radius-top-left:0px;--awb-border-radius-top-right:0px;--awb-border-radius-bottom-right:0px;--awb-border-radius-bottom-left:0px;--awb-padding-top:30px;\" ><div class=\"fusion-builder-row fusion-row fusion-flex-align-items-flex-start\" style=\"max-width:1456px;margin-left: calc(-4% \/ 2 );margin-right: calc(-4% \/ 2 );\"><div class=\"fusion-layout-column fusion_builder_column fusion-builder-column-0 fusion_builder_column_3_5 3_5 fusion-flex-column fusion-flex-align-self-center\" style=\"--awb-bg-size:cover;--awb-width-large:60%;--awb-margin-top-large:0px;--awb-spacing-right-large:3.2%;--awb-margin-bottom-large:20px;--awb-spacing-left-large:3.2%;--awb-width-medium:100%;--awb-order-medium:0;--awb-spacing-right-medium:1.92%;--awb-spacing-left-medium:1.92%;--awb-width-small:100%;--awb-order-small:0;--awb-spacing-right-small:1.92%;--awb-spacing-left-small:1.92%;\"><div class=\"fusion-column-wrapper fusion-column-has-shadow fusion-flex-justify-content-flex-start fusion-content-layout-column\"><div class=\"fusion-text fusion-text-1\"><p style=\"text-align: center;\"><strong>Die Ard\u00e8cheschlucht<\/strong> ist ein <strong>Naturschutzgebiet<\/strong>, das von einer Verwaltungsgewerkschaft verwaltet wird, die Verkehrs- und Verhaltensregeln innerhalb des Schutzgebiets festlegt.<\/p>\n<p style=\"text-align: center;\">Der Aufenthalt im Bivouac ist daher reglementiert und darf nur in erschlossenen Gebieten durchgef\u00fchrt werden.<\/p>\n<\/div><div class=\"fusion-title title fusion-title-1 fusion-sep-none fusion-title-text fusion-title-size-two\"><h2 class=\"title-heading-left\" style=\"margin:0;\">Die \u00dcbernachtung im Naturschutzgebiet der Ard\u00e8cheschlucht<\/h2><\/div><div class=\"fusion-text fusion-text-2\"><p>Wenn Sie eine Zweitagestour im Naturschutzgebiet der Ard\u00e8cheschlucht gew\u00e4hlt haben, ist es Pflicht, die Nacht in einem der beiden Bivouacs zu verbringen:<\/p>\n<ul>\n<li><strong>Bivouac Gaud<\/strong>: befindet sich auf dem ersten Drittel der Strecke. 350 Pl\u00e4tze.<\/li>\n<li><strong>Bivouac Gournier<\/strong>: befindet sich auf der H\u00e4lfte der Strecke. 250 Pl\u00e4tze.<\/li>\n<\/ul>\n<\/div><\/div><\/div><div class=\"fusion-layout-column fusion_builder_column fusion-builder-column-1 fusion_builder_column_2_5 2_5 fusion-flex-column fusion-flex-align-self-center\" style=\"--awb-bg-size:cover;--awb-width-large:40%;--awb-margin-top-large:0px;--awb-spacing-right-large:50px;--awb-margin-bottom-large:20px;--awb-spacing-left-large:50px;--awb-width-medium:100%;--awb-order-medium:0;--awb-spacing-right-medium:1.92%;--awb-spacing-left-medium:1.92%;--awb-width-small:100%;--awb-order-small:0;--awb-spacing-right-small:1.92%;--awb-spacing-left-small:1.92%;\"><div class=\"fusion-column-wrapper fusion-column-has-shadow fusion-flex-justify-content-flex-start fusion-content-layout-column\"><div class=\"fusion-image-element \" style=\"text-align:center;--awb-caption-title-size:var(--h2_typography-font-size);--awb-caption-title-transform:var(--h2_typography-text-transform);--awb-caption-title-line-height:var(--h2_typography-line-height);--awb-caption-title-letter-spacing:var(--h2_typography-letter-spacing);\"><span class=\" fusion-imageframe imageframe-none imageframe-1 hover-type-none\"><a href=\"https:\/\/www.patou-bateau.fr\/wp-content\/uploads\/bivouac-de-gournier.jpg\" class=\"fusion-lightbox\" data-rel=\"iLightbox[5993cafc29c09993115]\" data-title=\"Bivouac Gournier\" title=\"Bivouac Gournier\"><img decoding=\"async\" width=\"600\" height=\"600\" alt=\"Bivouac Gournier\" src=\"data:image\/svg+xml,%3Csvg%20xmlns%3D%27http%3A%2F%2Fwww.w3.org%2F2000%2Fsvg%27%20width%3D%27750%27%20height%3D%271000%27%20viewBox%3D%270%200%20750%201000%27%3E%3Crect%20width%3D%27750%27%20height%3D%271000%27%20fill-opacity%3D%220%22%2F%3E%3C%2Fsvg%3E\" data-orig-src=\"https:\/\/www.patou-bateau.fr\/wp-content\/uploads\/bivouac-de-gournier-600x600.jpg\" class=\"lazyload img-responsive wp-image-2147\"\/><\/a><\/span><\/div><\/div><\/div><div class=\"fusion-layout-column fusion_builder_column fusion-builder-column-2 fusion_builder_column_1_1 1_1 fusion-flex-column\" style=\"--awb-bg-size:cover;--awb-width-large:100%;--awb-margin-top-large:0px;--awb-spacing-right-large:1.92%;--awb-margin-bottom-large:20px;--awb-spacing-left-large:1.92%;--awb-width-medium:100%;--awb-order-medium:0;--awb-spacing-right-medium:1.92%;--awb-spacing-left-medium:1.92%;--awb-width-small:100%;--awb-order-small:0;--awb-spacing-right-small:1.92%;--awb-spacing-left-small:1.92%;\"><div class=\"fusion-column-wrapper fusion-column-has-shadow fusion-flex-justify-content-flex-start fusion-content-layout-column\"><div class=\"fusion-title title fusion-title-2 fusion-sep-none fusion-title-text fusion-title-size-two\"><h2 class=\"title-heading-left\" style=\"margin:0;\">Die Ausstattung der Bivouacs<\/h2><\/div><div class=\"fusion-text fusion-text-3\"><ul>\n<li>Empfang: Wachmannschaft des Naturschutzgebietes und Saisonarbeiter.<\/li>\n<li>Sanit\u00e4ranlagen: WC, Duschen, Trinkwasser.<\/li>\n<li>Keine Steckdosen.<\/li>\n<li>3 Marabouts (Armeezelt, jedes hat Platz f\u00fcr 15 Personen). Diese Armeezelte haben weder Bett, noch Matratze, nur einen Fussboden&#8230;<\/li>\n<li>Zelt Cosy (6 Pl\u00e4tze). Die Zeltw\u00e4nde k\u00f6nnen entfernt werden, um die Abendfrische und die Aussicht geniessen zu k\u00f6nnen. Dennoch sind Sie durch die Fliegengitter gesch\u00fctzt. Keine Betten, keine Matratzen, Fussboden aus PVC im Zelt.<\/li>\n<li>Tische, Gemeinschaftsgrill (Holzkohle wird gestellt).<\/li>\n<li>M\u00fclleimer und Container zur M\u00fclltrennung.<\/li>\n<li>Sanit\u00e4tswachdienst<\/li>\n<li style=\"color: #f00;\">Achtung: Alkohol ist im gesamten Bivouacbereich verboten.<\/li>\n<li><strong>Neu: Kaffee-, Tee-, und Saftverkauf.<\/strong><\/li>\n<\/ul>\n<\/div><\/div><\/div><div class=\"fusion-layout-column fusion_builder_column fusion-builder-column-3 fusion_builder_column_1_2 1_2 fusion-flex-column\" style=\"--awb-bg-size:cover;--awb-width-large:50%;--awb-margin-top-large:0px;--awb-spacing-right-large:3.84%;--awb-margin-bottom-large:20px;--awb-spacing-left-large:3.84%;--awb-width-medium:100%;--awb-order-medium:0;--awb-spacing-right-medium:1.92%;--awb-spacing-left-medium:1.92%;--awb-width-small:100%;--awb-order-small:0;--awb-spacing-right-small:1.92%;--awb-spacing-left-small:1.92%;\"><div class=\"fusion-column-wrapper fusion-column-has-shadow fusion-flex-justify-content-flex-start fusion-content-layout-column\"><div class=\"fusion-title title fusion-title-3 fusion-sep-none fusion-title-text fusion-title-size-two\"><h2 class=\"title-heading-left\" style=\"margin:0;\">Wie organisiere ich meinen Aufenthalt im Bivouac<\/h2><\/div><div class=\"fusion-text fusion-text-4\"><p style=\"text-align: center;\">Video der Akademie des Gorges de l&#8217;Ard\u00e8che<\/p>\n<\/div><div class=\"fusion-builder-row fusion-builder-row-inner fusion-row fusion-flex-align-items-flex-start\" style=\"width:104% !important;max-width:104% !important;margin-left: calc(-4% \/ 2 );margin-right: calc(-4% \/ 2 );\"><div class=\"fusion-layout-column fusion_builder_column_inner fusion-builder-nested-column-0 fusion_builder_column_inner_1_1 1_1 fusion-flex-column fusion-column-inner-bg-wrapper\" style=\"--awb-inner-bg-size:cover;--awb-width-large:100%;--awb-margin-top-large:0px;--awb-spacing-right-large:1.92%;--awb-margin-bottom-large:20px;--awb-spacing-left-large:1.92%;--awb-width-medium:100%;--awb-order-medium:0;--awb-spacing-right-medium:1.92%;--awb-spacing-left-medium:1.92%;--awb-width-small:100%;--awb-order-small:0;--awb-spacing-right-small:1.92%;--awb-spacing-left-small:1.92%;\"><span class=\"fusion-column-inner-bg hover-type-none\"><a class=\"fusion-column-anchor\" href=\"https:\/\/www.youtube.com\/watch?v=IZnVxHX0uQc&amp;autoplay=1\" data-rel=\"iLightbox\"><span class=\"fusion-column-inner-bg-image\"><\/span><\/a><\/span><div class=\"fusion-column-wrapper fusion-column-has-shadow fusion-flex-justify-content-flex-start fusion-content-layout-column\"><div class=\"fusion-image-element \" style=\"text-align:center;--awb-caption-title-size:var(--h2_typography-font-size);--awb-caption-title-transform:var(--h2_typography-text-transform);--awb-caption-title-line-height:var(--h2_typography-line-height);--awb-caption-title-letter-spacing:var(--h2_typography-letter-spacing);\"><span class=\" fusion-imageframe imageframe-none imageframe-2 hover-type-none\"><img decoding=\"async\" width=\"300\" height=\"169\" alt=\"Video - Wie organisiere ich meinen Aufenthalt im Bivouac\" title=\"Video &#8211; Wie organisiere ich meinen Aufenthalt im Bivouac\" src=\"https:\/\/www.patou-bateau.fr\/wp-content\/uploads\/video-organiser-son-bivouac.jpg\" data-orig-src=\"https:\/\/www.patou-bateau.fr\/wp-content\/uploads\/video-organiser-son-bivouac-300x169.jpg\" class=\"lazyload img-responsive wp-image-2075\" srcset=\"data:image\/svg+xml,%3Csvg%20xmlns%3D%27http%3A%2F%2Fwww.w3.org%2F2000%2Fsvg%27%20width%3D%27421%27%20height%3D%27237%27%20viewBox%3D%270%200%20421%20237%27%3E%3Crect%20width%3D%27421%27%20height%3D%27237%27%20fill-opacity%3D%220%22%2F%3E%3C%2Fsvg%3E\" data-srcset=\"https:\/\/www.patou-bateau.fr\/wp-content\/uploads\/video-organiser-son-bivouac-200x113.jpg 200w, https:\/\/www.patou-bateau.fr\/wp-content\/uploads\/video-organiser-son-bivouac-400x225.jpg 400w, https:\/\/www.patou-bateau.fr\/wp-content\/uploads\/video-organiser-son-bivouac.jpg 421w\" data-sizes=\"auto\" data-orig-sizes=\"(max-width: 1024px) 100vw, (max-width: 640px) 100vw, 300px\" \/><\/span><\/div><\/div><\/div><\/div><\/div><\/div><div class=\"fusion-layout-column fusion_builder_column fusion-builder-column-4 fusion_builder_column_1_2 1_2 fusion-flex-column\" style=\"--awb-bg-size:cover;--awb-width-large:50%;--awb-margin-top-large:0px;--awb-spacing-right-large:3.84%;--awb-margin-bottom-large:20px;--awb-spacing-left-large:3.84%;--awb-width-medium:100%;--awb-order-medium:0;--awb-spacing-right-medium:1.92%;--awb-spacing-left-medium:1.92%;--awb-width-small:100%;--awb-order-small:0;--awb-spacing-right-small:1.92%;--awb-spacing-left-small:1.92%;\"><div class=\"fusion-column-wrapper fusion-column-has-shadow fusion-flex-justify-content-flex-start fusion-content-layout-column\"><div class=\"fusion-title title fusion-title-4 fusion-sep-none fusion-title-text fusion-title-size-two\"><h2 class=\"title-heading-left\" style=\"margin:0;\">Begrenzte Kapazit\u00e4t<\/h2><\/div><div class=\"fusion-text fusion-text-5\"><p><strong>Achtung!<\/strong><\/p>\n<p>Die Kapazit\u00e4t jedes Bivouacs ist auf 250 Personen pro Abend begrenzt (H\u00f6chstgrenze auf 500 Personen erh\u00f6ht f\u00fcr 14 N\u00e4chte im Jahr).<\/p>\n<p>Daher ist es notwendig, so fr\u00fch wie m\u00f6glich zu buchen, um Karten f\u00fcr den Bivouacaufenthalt zu bekommen.<\/p>\n<\/div><div class=\"fusion-title title fusion-title-5 fusion-sep-none fusion-title-text fusion-title-size-two\"><h2 class=\"title-heading-left\" style=\"margin:0;\">Kalender und Preise f\u00fcr den Bivouacaufenthalt<\/h2><\/div><div class=\"fusion-text fusion-text-6\"><p style=\"text-align: center;\"><strong>\u2192 <a href=\"https:\/\/www.patou-bateau.fr\/wp-content\/uploads\/calendrier-bivouacs-2025.pdf\" target=\"_blank\" rel=\"noopener\">Den Kalender und die Preise 2025 finden Sie hier<\/a>.<\/strong><\/p>\n<\/div><\/div><\/div><div class=\"fusion-layout-column fusion_builder_column fusion-builder-column-5 fusion_builder_column_1_1 1_1 fusion-flex-column\" style=\"--awb-bg-size:cover;--awb-width-large:100%;--awb-margin-top-large:0px;--awb-spacing-right-large:1.92%;--awb-margin-bottom-large:20px;--awb-spacing-left-large:1.92%;--awb-width-medium:100%;--awb-order-medium:0;--awb-spacing-right-medium:1.92%;--awb-spacing-left-medium:1.92%;--awb-width-small:100%;--awb-order-small:0;--awb-spacing-right-small:1.92%;--awb-spacing-left-small:1.92%;\"><div class=\"fusion-column-wrapper fusion-column-has-shadow fusion-flex-justify-content-flex-start fusion-content-layout-column\"><div class=\"fusion-title title fusion-title-6 fusion-sep-none fusion-title-text fusion-title-size-two\"><h2 class=\"title-heading-left\" style=\"margin:0;\">Ihre Bivouactickets<\/h2><\/div><div class=\"fusion-text fusion-text-7\"><p style=\"color: #ff0000; text-align: center;\">ACHTUNG!<br \/>\nDie Reservierung muss von den Teilnehmern oder einem Gruppenmitglied gemacht werden.<br \/>\nSie m\u00fcssen Ihre Tickets direkt beim <strong>Tourismusb\u00fcro Office de Tourisme Gorges de l&#8217;Ard\u00e8che-Pont d&#8217;Arc<\/strong> reservieren.<\/p>\n<\/div><div class=\"fusion-text fusion-text-8\"><p style=\"text-align: center;\"><strong>Telefonisch unter <a href=\"tel:+33475880041\">+33 (0)4 75 88 00 41<\/a><\/strong><br \/>\n<strong>oder Onlinereservierung unter diesem Link<\/strong><\/p>\n<\/div>            <style>\n            body .api.OsProduit.ADOC .ListeBillet .BlocDescriptionDetail { width: calc(25% - 20px) !important; }\n\t\t\t.TEMX .AvecDescription, .ADOC .AvecDescription { max-width: 100% !important }\n            <\/style>\n            \n\t\t\t<div id=\"widget-panier\" style=\"display:none\"><\/div>\n            <script type=\"text\/javascript\" src=\"\/\/gadget.open-system.fr\/widgets-libs\/rel\/noyau-1.0.min.js\"><\/script>\n\t\t\t\t\t\t<script type=\"text\/javascript\">\n\t\t\t( function() {\n\t\t\tvar widgetProduit = AllianceReseaux.Widget.Instance( \"Produit\", { idPanier:\"qSeqqak\", idIntegration:idIntegration=1612, langue:\"de\", ui:\"ADOCD-102364-7316\" } );\n\t\t\twidgetProduit.PreApp('produit.addock.produits', [21631,21632,34497,34504,34505]);\n\t\t\twidgetProduit.PreApp(\"produit.addock.afficheBonsCadeaux\", false);\n\t\t\twidgetProduit.PreApp('cible', 'widget-produit-ADOCD-102364-7316-1');\n\t\t\twidgetProduit.PreApp('css', 'https:\/\/demo.for-system.com\/pages-test\/PontArcArdeche\/styles-surcharge.css');\n\t\t\twidgetProduit.PreApp(\"panier.target\", \"_blank\" );\n\t\t\twidgetProduit.Initialise();\n\t\t\t})();\n\t\t\t<\/script>\n            <div id=\"widget-produit-ADOCD-102364-7316-1\" style=\"max-width:100% !important\"><\/div>\n\t\t\t\t\t\t\n\t\t<\/div><\/div><div class=\"fusion-layout-column fusion_builder_column fusion-builder-column-6 fusion_builder_column_1_1 1_1 fusion-flex-column\" style=\"--awb-bg-size:cover;--awb-width-large:100%;--awb-margin-top-large:0px;--awb-spacing-right-large:1.92%;--awb-margin-bottom-large:20px;--awb-spacing-left-large:1.92%;--awb-width-medium:100%;--awb-order-medium:0;--awb-spacing-right-medium:1.92%;--awb-spacing-left-medium:1.92%;--awb-width-small:100%;--awb-order-small:0;--awb-spacing-right-small:1.92%;--awb-spacing-left-small:1.92%;\"><div class=\"fusion-column-wrapper fusion-column-has-shadow fusion-flex-justify-content-flex-start fusion-content-layout-column\"><div class=\"fusion-title title fusion-title-7 fusion-sep-none fusion-title-text fusion-title-size-two\"><h2 class=\"title-heading-left\" style=\"margin:0;\">Vorlage Ihres Bivouactickets<\/h2><\/div><div class=\"fusion-text fusion-text-9\"><p>Die Reservierungsbest\u00e4tigung ist notwendig f\u00fcr den Bivouacaufenthalt und um ein Kanu zu mieten.<\/p>\n<p>Drucken Sie sie aus oder laden Sie sie auf Ihr Telefon herunter.<\/p>\n<\/div><\/div><\/div><div class=\"fusion-layout-column fusion_builder_column fusion-builder-column-7 fusion_builder_column_1_1 1_1 fusion-flex-column\" style=\"--awb-bg-size:cover;--awb-width-large:100%;--awb-margin-top-large:0px;--awb-spacing-right-large:1.92%;--awb-margin-bottom-large:20px;--awb-spacing-left-large:1.92%;--awb-width-medium:100%;--awb-order-medium:0;--awb-spacing-right-medium:1.92%;--awb-spacing-left-medium:1.92%;--awb-width-small:100%;--awb-order-small:0;--awb-spacing-right-small:1.92%;--awb-spacing-left-small:1.92%;\"><div class=\"fusion-column-wrapper fusion-column-has-shadow fusion-flex-justify-content-flex-start fusion-content-layout-column\"><div class=\"fusion-title title fusion-title-8 fusion-sep-none fusion-title-text fusion-title-size-two\"><h2 class=\"title-heading-left\" style=\"margin:0;\">Option &#8222;All inclusive&#8220;<\/h2><\/div><div class=\"fusion-text fusion-text-10\"><p>Mit dieser Option haben Sie die M\u00f6glichkeit Bivouacticket und Kanuverleih zusammen zu reservieren.<\/p>\n<p>Bei der Reservierung ist eine Online-Zahlung erforderlich.<\/p>\n<\/div>\t\t\t<script type=\"text\/javascript\">\n\t\t\t( function() {\n\t\t\tvar widgetProduit = AllianceReseaux.Widget.Instance( \"Produit\", { idPanier:\"qSeqqak\", idIntegration:idIntegration=1612, langue:\"de\", ui:\"ADOCD-102364-7316\" } );\n\t\t\twidgetProduit.PreApp('produit.addock.produits', [30929,30935,49383,49380,30936]);\n\t\t\twidgetProduit.PreApp(\"produit.addock.afficheBonsCadeaux\", false);\n\t\t\twidgetProduit.PreApp('cible', 'widget-produit-ADOCD-102364-7316-2');\n\t\t\twidgetProduit.PreApp('css', 'https:\/\/demo.for-system.com\/pages-test\/PontArcArdeche\/styles-surcharge.css');\n\t\t\twidgetProduit.PreApp(\"panier.target\", \"_blank\" );\n\t\t\twidgetProduit.Initialise();\n\t\t\t})();\n\t\t\t<\/script>\n\t\t\t<div id=\"widget-produit-ADOCD-102364-7316-2\" style=\"max-width:100% !important\"><\/div>\n\t\t\t\t\t\t\n\t\t<\/div><\/div><\/div><\/div>\n","protected":false},"excerpt":{"rendered":"","protected":false},"author":1,"featured_media":0,"parent":0,"menu_order":0,"comment_status":"closed","ping_status":"closed","template":"","meta":{"footnotes":""},"class_list":["post-2162","page","type-page","status-publish","hentry"],"_links":{"self":[{"href":"https:\/\/www.patou-bateau.fr\/de\/wp-json\/wp\/v2\/pages\/2162","targetHints":{"allow":["GET"]}}],"collection":[{"href":"https:\/\/www.patou-bateau.fr\/de\/wp-json\/wp\/v2\/pages"}],"about":[{"href":"https:\/\/www.patou-bateau.fr\/de\/wp-json\/wp\/v2\/types\/page"}],"author":[{"embeddable":true,"href":"https:\/\/www.patou-bateau.fr\/de\/wp-json\/wp\/v2\/users\/1"}],"replies":[{"embeddable":true,"href":"https:\/\/www.patou-bateau.fr\/de\/wp-json\/wp\/v2\/comments?post=2162"}],"version-history":[{"count":3,"href":"https:\/\/www.patou-bateau.fr\/de\/wp-json\/wp\/v2\/pages\/2162\/revisions"}],"predecessor-version":[{"id":2602,"href":"https:\/\/www.patou-bateau.fr\/de\/wp-json\/wp\/v2\/pages\/2162\/revisions\/2602"}],"wp:attachment":[{"href":"https:\/\/www.patou-bateau.fr\/de\/wp-json\/wp\/v2\/media?parent=2162"}],"curies":[{"name":"wp","href":"https:\/\/api.w.org\/{rel}","templated":true}]}}