{"id":2796,"date":"2023-07-06T13:35:02","date_gmt":"2023-07-06T11:35:02","guid":{"rendered":"https:\/\/www.patou-bateau.fr\/les-bivouacs\/"},"modified":"2025-01-21T14:37:34","modified_gmt":"2025-01-21T13:37:34","slug":"i-bivacchi","status":"publish","type":"page","link":"https:\/\/www.patou-bateau.fr\/it\/i-bivacchi\/","title":{"rendered":"I bivacchi"},"content":{"rendered":"<div class=\"fusion-fullwidth fullwidth-box fusion-builder-row-1 fusion-flex-container has-pattern-background has-mask-background nonhundred-percent-fullwidth non-hundred-percent-height-scrolling\" style=\"--awb-border-radius-top-left:0px;--awb-border-radius-top-right:0px;--awb-border-radius-bottom-right:0px;--awb-border-radius-bottom-left:0px;--awb-padding-top:30px;\" ><div class=\"fusion-builder-row fusion-row fusion-flex-align-items-flex-start\" style=\"max-width:1456px;margin-left: calc(-4% \/ 2 );margin-right: calc(-4% \/ 2 );\"><div class=\"fusion-layout-column fusion_builder_column fusion-builder-column-0 fusion_builder_column_3_5 3_5 fusion-flex-column fusion-flex-align-self-center\" style=\"--awb-bg-size:cover;--awb-width-large:60%;--awb-margin-top-large:0px;--awb-spacing-right-large:3.2%;--awb-margin-bottom-large:20px;--awb-spacing-left-large:3.2%;--awb-width-medium:100%;--awb-order-medium:0;--awb-spacing-right-medium:1.92%;--awb-spacing-left-medium:1.92%;--awb-width-small:100%;--awb-order-small:0;--awb-spacing-right-small:1.92%;--awb-spacing-left-small:1.92%;\"><div class=\"fusion-column-wrapper fusion-column-has-shadow fusion-flex-justify-content-flex-start fusion-content-layout-column\"><div class=\"fusion-text fusion-text-1\"><p style=\"text-align: center;\"><strong>Le Gole dell&#8217;Ard\u00e8che<\/strong> sono una <strong>Riserva Naturale<\/strong> gestita da un collettivo che definisce le regole di circolazione e comportamento all&#8217;interno del perimetro della Riserva.<\/p>\n<p style=\"text-align: center;\">Il pernottamento in bivacco \u00e8 quindi disciplinato e pu\u00f2 avvenire soltanto nelle zone destinate a tale scopo.<\/p>\n<\/div><div class=\"fusion-title title fusion-title-1 fusion-sep-none fusion-title-text fusion-title-size-two\"><h2 class=\"title-heading-left\" style=\"margin:0;\">Pernottamento nella Riserva Naturale delle Gole dell&#8217;Ard\u00e8che<\/h2><\/div><div class=\"fusion-text fusion-text-2\"><p>Se opterete per una\u00a0 discesa di 2 giorni nella Riserva Naturale delle Gole dell&#8217;Ard\u00e8che, dovrete pernottare in uno dei due bivacchi autorizzati:<\/p>\n<ul>\n<li><strong>Il bivacco Gaud<\/strong>: si trova a un terzo del percorso. 350 posti.<\/li>\n<li><strong>Il bivacco Gournier<\/strong>: si trova a met\u00e0 percorso. 250 posti.<\/li>\n<\/ul>\n<\/div><\/div><\/div><div class=\"fusion-layout-column fusion_builder_column fusion-builder-column-1 fusion_builder_column_2_5 2_5 fusion-flex-column fusion-flex-align-self-center\" style=\"--awb-bg-size:cover;--awb-width-large:40%;--awb-margin-top-large:0px;--awb-spacing-right-large:50px;--awb-margin-bottom-large:20px;--awb-spacing-left-large:50px;--awb-width-medium:100%;--awb-order-medium:0;--awb-spacing-right-medium:1.92%;--awb-spacing-left-medium:1.92%;--awb-width-small:100%;--awb-order-small:0;--awb-spacing-right-small:1.92%;--awb-spacing-left-small:1.92%;\"><div class=\"fusion-column-wrapper fusion-column-has-shadow fusion-flex-justify-content-flex-start fusion-content-layout-column\"><div class=\"fusion-image-element \" style=\"text-align:center;--awb-caption-title-size:var(--h2_typography-font-size);--awb-caption-title-transform:var(--h2_typography-text-transform);--awb-caption-title-line-height:var(--h2_typography-line-height);--awb-caption-title-letter-spacing:var(--h2_typography-letter-spacing);\"><span class=\" fusion-imageframe imageframe-none imageframe-1 hover-type-none\"><a href=\"https:\/\/www.patou-bateau.fr\/wp-content\/uploads\/bivouac-de-gournier.jpg\" class=\"fusion-lightbox\" data-rel=\"iLightbox[5993cafc29c09993115]\" data-title=\"Bivacco Gournier\" title=\"Bivacco Gournier\"><img decoding=\"async\" width=\"600\" height=\"600\" alt=\"Bivacco Gournier\" src=\"data:image\/svg+xml,%3Csvg%20xmlns%3D%27http%3A%2F%2Fwww.w3.org%2F2000%2Fsvg%27%20width%3D%27750%27%20height%3D%271000%27%20viewBox%3D%270%200%20750%201000%27%3E%3Crect%20width%3D%27750%27%20height%3D%271000%27%20fill-opacity%3D%220%22%2F%3E%3C%2Fsvg%3E\" data-orig-src=\"https:\/\/www.patou-bateau.fr\/wp-content\/uploads\/bivouac-de-gournier-600x600.jpg\" class=\"lazyload img-responsive wp-image-2989\"\/><\/a><\/span><\/div><\/div><\/div><div class=\"fusion-layout-column fusion_builder_column fusion-builder-column-2 fusion_builder_column_1_1 1_1 fusion-flex-column\" style=\"--awb-bg-size:cover;--awb-width-large:100%;--awb-margin-top-large:0px;--awb-spacing-right-large:1.92%;--awb-margin-bottom-large:20px;--awb-spacing-left-large:1.92%;--awb-width-medium:100%;--awb-order-medium:0;--awb-spacing-right-medium:1.92%;--awb-spacing-left-medium:1.92%;--awb-width-small:100%;--awb-order-small:0;--awb-spacing-right-small:1.92%;--awb-spacing-left-small:1.92%;\"><div class=\"fusion-column-wrapper fusion-column-has-shadow fusion-flex-justify-content-flex-start fusion-content-layout-column\"><div class=\"fusion-title title fusion-title-2 fusion-sep-none fusion-title-text fusion-title-size-two\"><h2 class=\"title-heading-left\" style=\"margin:0;\">Dotazioni delle aree di bivacco<\/h2><\/div><div class=\"fusion-text fusion-text-3\"><ul>\n<li>Accoglienza: addetti alla sicurezza della riserva naturale e personale stagionale.<\/li>\n<li>Servizi messi a disposizione; WC, docce con acqua fredda, acqua potabile.<\/li>\n<li>Nessuna presa elettrica<\/li>\n<li>3 <em>marabout<\/em> (= tende militari con una capacit\u00e0 di 15 posti ciascuna). Queste tende militari non hanno letti o materassi, sono soltanto pavimentate&#8230;<\/li>\n<li>Tende cosy (6 posti letto). Le pareti di tela possono essere sollevate per godere dell&#8217;aria fresca della sera e della vista esterna, mentre si \u00e8 protetti dalla zanzariera incorporata. Nessun letto o materasso, la tenda \u00e8 dotata di un pavimento in PVC.<\/li>\n<li>Tavoli, barbecue condivisi (carbonella fornita).<\/li>\n<li>Cestini e contenitori per la raccolta differenziata..<\/li>\n<li>Postazione di soccorso.<\/li>\n<li style=\"color: #f00;\">Attenzione: nelle aree di bivacco non \u00e8 consentito il consumo di alcolici.<\/li>\n<li><strong>Novit\u00e0: vendita di caff\u00e8, t\u00e8 e succhi di frutta.<\/strong><\/li>\n<\/ul>\n<\/div><\/div><\/div><div class=\"fusion-layout-column fusion_builder_column fusion-builder-column-3 fusion_builder_column_1_2 1_2 fusion-flex-column\" style=\"--awb-bg-size:cover;--awb-width-large:50%;--awb-margin-top-large:0px;--awb-spacing-right-large:3.84%;--awb-margin-bottom-large:20px;--awb-spacing-left-large:3.84%;--awb-width-medium:100%;--awb-order-medium:0;--awb-spacing-right-medium:1.92%;--awb-spacing-left-medium:1.92%;--awb-width-small:100%;--awb-order-small:0;--awb-spacing-right-small:1.92%;--awb-spacing-left-small:1.92%;\"><div class=\"fusion-column-wrapper fusion-column-has-shadow fusion-flex-justify-content-flex-start fusion-content-layout-column\"><div class=\"fusion-title title fusion-title-3 fusion-sep-none fusion-title-text fusion-title-size-two\"><h2 class=\"title-heading-left\" style=\"margin:0;\">Come organizzare il bivacco<\/h2><\/div><div class=\"fusion-text fusion-text-4\"><p style=\"text-align: center;\">Video dell\u2019Acad\u00e9mie des Gorges de l\u2019Ard\u00e8che<\/p>\n<\/div><div class=\"fusion-builder-row fusion-builder-row-inner fusion-row fusion-flex-align-items-flex-start\" style=\"width:104% !important;max-width:104% !important;margin-left: calc(-4% \/ 2 );margin-right: calc(-4% \/ 2 );\"><div class=\"fusion-layout-column fusion_builder_column_inner fusion-builder-nested-column-0 fusion_builder_column_inner_1_1 1_1 fusion-flex-column fusion-column-inner-bg-wrapper\" style=\"--awb-inner-bg-size:cover;--awb-width-large:100%;--awb-margin-top-large:0px;--awb-spacing-right-large:1.92%;--awb-margin-bottom-large:20px;--awb-spacing-left-large:1.92%;--awb-width-medium:100%;--awb-order-medium:0;--awb-spacing-right-medium:1.92%;--awb-spacing-left-medium:1.92%;--awb-width-small:100%;--awb-order-small:0;--awb-spacing-right-small:1.92%;--awb-spacing-left-small:1.92%;\"><span class=\"fusion-column-inner-bg hover-type-none\"><a class=\"fusion-column-anchor\" href=\"https:\/\/www.youtube.com\/watch?v=IZnVxHX0uQc&amp;autoplay=1\" data-rel=\"iLightbox\"><span class=\"fusion-column-inner-bg-image\"><\/span><\/a><\/span><div class=\"fusion-column-wrapper fusion-column-has-shadow fusion-flex-justify-content-flex-start fusion-content-layout-column\"><div class=\"fusion-image-element \" style=\"text-align:center;--awb-caption-title-size:var(--h2_typography-font-size);--awb-caption-title-transform:var(--h2_typography-text-transform);--awb-caption-title-line-height:var(--h2_typography-line-height);--awb-caption-title-letter-spacing:var(--h2_typography-letter-spacing);\"><span class=\" fusion-imageframe imageframe-none imageframe-2 hover-type-none\"><img decoding=\"async\" width=\"300\" height=\"169\" alt=\"I video - Come organizzare la notte in bivacco\" title=\"I video &#8211; Come organizzare la notte in bivacco\" src=\"https:\/\/www.patou-bateau.fr\/wp-content\/uploads\/video-organiser-son-bivouac.jpg\" data-orig-src=\"https:\/\/www.patou-bateau.fr\/wp-content\/uploads\/video-organiser-son-bivouac-300x169.jpg\" class=\"lazyload img-responsive wp-image-3007\" srcset=\"data:image\/svg+xml,%3Csvg%20xmlns%3D%27http%3A%2F%2Fwww.w3.org%2F2000%2Fsvg%27%20width%3D%27421%27%20height%3D%27237%27%20viewBox%3D%270%200%20421%20237%27%3E%3Crect%20width%3D%27421%27%20height%3D%27237%27%20fill-opacity%3D%220%22%2F%3E%3C%2Fsvg%3E\" data-srcset=\"https:\/\/www.patou-bateau.fr\/wp-content\/uploads\/video-organiser-son-bivouac-200x113.jpg 200w, https:\/\/www.patou-bateau.fr\/wp-content\/uploads\/video-organiser-son-bivouac-400x225.jpg 400w, https:\/\/www.patou-bateau.fr\/wp-content\/uploads\/video-organiser-son-bivouac.jpg 421w\" data-sizes=\"auto\" data-orig-sizes=\"(max-width: 1024px) 100vw, (max-width: 640px) 100vw, 300px\" \/><\/span><\/div><\/div><\/div><\/div><\/div><\/div><div class=\"fusion-layout-column fusion_builder_column fusion-builder-column-4 fusion_builder_column_1_2 1_2 fusion-flex-column\" style=\"--awb-bg-size:cover;--awb-width-large:50%;--awb-margin-top-large:0px;--awb-spacing-right-large:3.84%;--awb-margin-bottom-large:20px;--awb-spacing-left-large:3.84%;--awb-width-medium:100%;--awb-order-medium:0;--awb-spacing-right-medium:1.92%;--awb-spacing-left-medium:1.92%;--awb-width-small:100%;--awb-order-small:0;--awb-spacing-right-small:1.92%;--awb-spacing-left-small:1.92%;\"><div class=\"fusion-column-wrapper fusion-column-has-shadow fusion-flex-justify-content-flex-start fusion-content-layout-column\"><div class=\"fusion-title title fusion-title-4 fusion-sep-none fusion-title-text fusion-title-size-two\"><h2 class=\"title-heading-left\" style=\"margin:0;\">Capacit\u00e0 limitata<\/h2><\/div><div class=\"fusion-text fusion-text-5\"><p><strong>Attenzione!<\/strong><\/p>\n<p>La capacit\u00e0 di ogni bivacco \u00e8 limitata a 250 persone a sera (aumentata a 500 persone per 14 notti all&#8217;anno).<\/p>\n<p>\u00c8 quindi necessario prenotare il prima possibile per ottenere i biglietti per il bivacco.<\/p>\n<\/div><div class=\"fusion-title title fusion-title-5 fusion-sep-none fusion-title-text fusion-title-size-two\"><h2 class=\"title-heading-left\" style=\"margin:0;\">Disponibilit\u00e0 e tariffe per i bivacchi<\/h2><\/div><div class=\"fusion-text fusion-text-6\"><p style=\"text-align: center;\"><strong>\u2192 <a href=\"https:\/\/www.patou-bateau.fr\/wp-content\/uploads\/calendrier-bivouacs-2025.pdf\" target=\"_blank\" rel=\"noopener\">Link alle disponibilit\u00e0 e alle  tariffe per i bivacchi 2025<\/a>.<\/strong><\/p>\n<\/div><\/div><\/div><div class=\"fusion-layout-column fusion_builder_column fusion-builder-column-5 fusion_builder_column_1_1 1_1 fusion-flex-column\" style=\"--awb-bg-size:cover;--awb-width-large:100%;--awb-margin-top-large:0px;--awb-spacing-right-large:1.92%;--awb-margin-bottom-large:20px;--awb-spacing-left-large:1.92%;--awb-width-medium:100%;--awb-order-medium:0;--awb-spacing-right-medium:1.92%;--awb-spacing-left-medium:1.92%;--awb-width-small:100%;--awb-order-small:0;--awb-spacing-right-small:1.92%;--awb-spacing-left-small:1.92%;\"><div class=\"fusion-column-wrapper fusion-column-has-shadow fusion-flex-justify-content-flex-start fusion-content-layout-column\"><div class=\"fusion-title title fusion-title-6 fusion-sep-none fusion-title-text fusion-title-size-two\"><h2 class=\"title-heading-left\" style=\"margin:0;\">I vostri biglietti per il bivacco<\/h2><\/div><div class=\"fusion-text fusion-text-7\"><p style=\"color: #ff0000; text-align: center;\">ATTENZIONE!<br \/>Le prenotazioni devono essere effettuate dai partecipanti o un membro del gruppo.<br \/>\u00c8 necessario prenotare i biglietti per il bivacco direttamente presso l&#8217;<strong>Ufficio del Turismo di Gorges de l&#8217;Ard\u00e8che &#8211; Pont d&#8217;Arc<\/strong>.<\/p>\n<\/div><div class=\"fusion-text fusion-text-8\"><p style=\"text-align: center;\"><strong>Per telefono al numero <a href=\"tel:+33475880041\">+33 (0)4 75 88 00 41<\/a><\/strong><br \/>\n<strong>oppure online tramite i seguenti link<\/strong><\/p>\n<\/div>            <style>\n            body .api.OsProduit.ADOC .ListeBillet .BlocDescriptionDetail { width: calc(25% - 20px) !important; }\n\t\t\t.TEMX .AvecDescription, .ADOC .AvecDescription { max-width: 100% !important }\n            <\/style>\n            \n\t\t\t<div id=\"widget-panier\" style=\"display:none\"><\/div>\n            <script type=\"text\/javascript\" src=\"\/\/gadget.open-system.fr\/widgets-libs\/rel\/noyau-1.0.min.js\"><\/script>\n\t\t\t\t\t\t<script type=\"text\/javascript\">\n\t\t\t( function() {\n\t\t\tvar widgetProduit = AllianceReseaux.Widget.Instance( \"Produit\", { idPanier:\"qSeqqak\", idIntegration:idIntegration=1612, langue:\"it\", ui:\"ADOCD-102364-7316\" } );\n\t\t\twidgetProduit.PreApp('produit.addock.produits', [21631,21632,34497,34504,34505]);\n\t\t\twidgetProduit.PreApp(\"produit.addock.afficheBonsCadeaux\", false);\n\t\t\twidgetProduit.PreApp('cible', 'widget-produit-ADOCD-102364-7316-1');\n\t\t\twidgetProduit.PreApp('css', 'https:\/\/demo.for-system.com\/pages-test\/PontArcArdeche\/styles-surcharge.css');\n\t\t\twidgetProduit.PreApp(\"panier.target\", \"_blank\" );\n\t\t\twidgetProduit.Initialise();\n\t\t\t})();\n\t\t\t<\/script>\n            <div id=\"widget-produit-ADOCD-102364-7316-1\" style=\"max-width:100% !important\"><\/div>\n\t\t\t\t\t\t\n\t\t<\/div><\/div><div class=\"fusion-layout-column fusion_builder_column fusion-builder-column-6 fusion_builder_column_1_1 1_1 fusion-flex-column\" style=\"--awb-bg-size:cover;--awb-width-large:100%;--awb-margin-top-large:0px;--awb-spacing-right-large:1.92%;--awb-margin-bottom-large:20px;--awb-spacing-left-large:1.92%;--awb-width-medium:100%;--awb-order-medium:0;--awb-spacing-right-medium:1.92%;--awb-spacing-left-medium:1.92%;--awb-width-small:100%;--awb-order-small:0;--awb-spacing-right-small:1.92%;--awb-spacing-left-small:1.92%;\"><div class=\"fusion-column-wrapper fusion-column-has-shadow fusion-flex-justify-content-flex-start fusion-content-layout-column\"><div class=\"fusion-title title fusion-title-7 fusion-sep-none fusion-title-text fusion-title-size-two\"><h2 class=\"title-heading-left\" style=\"margin:0;\">Presentazione del biglietto per il bivacco<\/h2><\/div><div class=\"fusion-text fusion-text-9\"><p>Per accedere al bivacco e noleggiare una canoa \u00e8 necessaria la conferma della prenotazione.<\/p>\n<p>Stampatela o scaricatela sul vostro telefono prima di partire.<\/p>\n<\/div><\/div><\/div><div class=\"fusion-layout-column fusion_builder_column fusion-builder-column-7 fusion_builder_column_1_1 1_1 fusion-flex-column\" style=\"--awb-bg-size:cover;--awb-width-large:100%;--awb-margin-top-large:0px;--awb-spacing-right-large:1.92%;--awb-margin-bottom-large:20px;--awb-spacing-left-large:1.92%;--awb-width-medium:100%;--awb-order-medium:0;--awb-spacing-right-medium:1.92%;--awb-spacing-left-medium:1.92%;--awb-width-small:100%;--awb-order-small:0;--awb-spacing-right-small:1.92%;--awb-spacing-left-small:1.92%;\"><div class=\"fusion-column-wrapper fusion-column-has-shadow fusion-flex-justify-content-flex-start fusion-content-layout-column\"><div class=\"fusion-title title fusion-title-8 fusion-sep-none fusion-title-text fusion-title-size-two\"><h2 class=\"title-heading-left\" style=\"margin:0;\">Formula \u201ctutto compreso\u201d<\/h2><\/div><div class=\"fusion-text fusion-text-10\"><p>Questa formula vi offre la possibilit\u00e0 di prenotare contemporaneamente i biglietti del bivacco e il noleggio della canoa.<\/p>\n<p>Il pagamento online \u00e8 obbligatorio al momento della prenotazione.<\/p>\n<\/div>\t\t\t<script type=\"text\/javascript\">\n\t\t\t( function() {\n\t\t\tvar widgetProduit = AllianceReseaux.Widget.Instance( \"Produit\", { idPanier:\"qSeqqak\", idIntegration:idIntegration=1612, langue:\"it\", ui:\"ADOCD-102364-7316\" } );\n\t\t\twidgetProduit.PreApp('produit.addock.produits', [30929,30935,49383,49380,30936]);\n\t\t\twidgetProduit.PreApp(\"produit.addock.afficheBonsCadeaux\", false);\n\t\t\twidgetProduit.PreApp('cible', 'widget-produit-ADOCD-102364-7316-2');\n\t\t\twidgetProduit.PreApp('css', 'https:\/\/demo.for-system.com\/pages-test\/PontArcArdeche\/styles-surcharge.css');\n\t\t\twidgetProduit.PreApp(\"panier.target\", \"_blank\" );\n\t\t\twidgetProduit.Initialise();\n\t\t\t})();\n\t\t\t<\/script>\n\t\t\t<div id=\"widget-produit-ADOCD-102364-7316-2\" style=\"max-width:100% !important\"><\/div>\n\t\t\t\t\t\t\n\t\t<\/div><\/div><\/div><\/div>\n","protected":false},"excerpt":{"rendered":"","protected":false},"author":1,"featured_media":0,"parent":0,"menu_order":0,"comment_status":"closed","ping_status":"closed","template":"","meta":{"footnotes":""},"class_list":["post-2796","page","type-page","status-publish","hentry"],"_links":{"self":[{"href":"https:\/\/www.patou-bateau.fr\/it\/wp-json\/wp\/v2\/pages\/2796","targetHints":{"allow":["GET"]}}],"collection":[{"href":"https:\/\/www.patou-bateau.fr\/it\/wp-json\/wp\/v2\/pages"}],"about":[{"href":"https:\/\/www.patou-bateau.fr\/it\/wp-json\/wp\/v2\/types\/page"}],"author":[{"embeddable":true,"href":"https:\/\/www.patou-bateau.fr\/it\/wp-json\/wp\/v2\/users\/1"}],"replies":[{"embeddable":true,"href":"https:\/\/www.patou-bateau.fr\/it\/wp-json\/wp\/v2\/comments?post=2796"}],"version-history":[{"count":3,"href":"https:\/\/www.patou-bateau.fr\/it\/wp-json\/wp\/v2\/pages\/2796\/revisions"}],"predecessor-version":[{"id":3041,"href":"https:\/\/www.patou-bateau.fr\/it\/wp-json\/wp\/v2\/pages\/2796\/revisions\/3041"}],"wp:attachment":[{"href":"https:\/\/www.patou-bateau.fr\/it\/wp-json\/wp\/v2\/media?parent=2796"}],"curies":[{"name":"wp","href":"https:\/\/api.w.org\/{rel}","templated":true}]}}